{"id":2068,"date":"2024-11-25T10:47:47","date_gmt":"2024-11-25T10:47:47","guid":{"rendered":"https:\/\/www.zerpy.it\/gestionale-cloud\/?page_id=2068"},"modified":"2024-11-25T11:02:11","modified_gmt":"2024-11-25T11:02:11","slug":"privacy-policy","status":"publish","type":"page","link":"https:\/\/www.zerpy.it\/gestionale-cloud\/?page_id=2068","title":{"rendered":"Privacy Policy"},"content":{"rendered":"<p>&nbsp;<\/p>\n<div class=\"page-content\">\n<div class=\"elementor elementor-123\" data-elementor-type=\"wp-page\" data-elementor-id=\"123\" data-elementor-post-type=\"page\">\n<div class=\"elementor-element elementor-element-adf44e5 e-flex e-con-boxed e-con e-parent e-lazyloaded\" data-id=\"adf44e5\" data-element_type=\"container\">\n<div class=\"e-con-inner\">\n<div class=\"elementor-element elementor-element-a9ff2a8 elementor-widget elementor-widget-text-editor\" data-id=\"a9ff2a8\" data-element_type=\"widget\" data-widget_type=\"text-editor.default\">\n<div class=\"elementor-widget-container\">\n<p><strong>TITOLARE DEL TRATTAMENTO DEI DATI<\/strong><\/p>\n<p>Titolare del trattamento dei dati \u00e8 TokenBit S.r.l. con sede legale in Piazza Gepy Faranda, 12 &#8211; 98070 &#8211; Capri Leone Fraz. Rocca (ME)<\/p>\n<p><strong>TIPOLOGIA DI DATI RACCOLTI<\/strong><\/p>\n<p>La presente policy disciplina i trattamenti di dati personali degli Utenti e di tutte le persone non ancora Utenti che hanno chiesto a ZerpyApp di ricevere informazioni, anche di natura promozionale, sul settore in cui opera e i suoi Servizi, ivi incluse informazioni sulle iniziative intraprese tramite canali di informazione e social.<\/p>\n<p>Quando utilizzi l\u2019App, raccogliamo, trattiamo e utilizziamo i seguenti dati:<\/p>\n<ul>\n<li>\u00a0Dati di utilizzo: Quando utilizzi l\u2019App, noi raccogliamo e salviamo le modalit\u00e0 con cui utilizzi le carte (ad es. carta inserita, ora, punteggio).<\/li>\n<li>\u00a0Dati sulla posizione: Se hai abilitato l\u2019accesso all\u2019App sulla funzione di tracciamento del tuo dispositivo mobile, ZerpyApp \u00e8 autorizzata a utilizzare i dati sulla posizione per l\u2019organizzazione dell\u2019App secondo le necessit\u00e0, per la distribuzione di informazioni basate sulla posizione e per l\u2019inserimento di pubblicit\u00e0. Questi dati verranno utilizzati solo in forma anonimizzata. Non avviene dunque alcun altro utilizzo o distribuzione a terzi di questi dati relativi alla posizione dei rispettivi utenti. Per i dati sulla posizione viene utilizzato il modulo GPS del dispositivo mobile, l\u2019indirizzo IP o i dati delle celle radiomobili (ID della cella) dei rispettivi utenti. Solo dietro rilascio di tuo esplicito consenso la app raccoglier\u00e0 i dati sulla posizione anche in modalit\u00e0 background, ossia quando la App non \u00e8 in uso. Questa modalit\u00e0 consentir\u00e0 a ZerpyApp di indirizzare meglio gli annunci, le offerte e la pubblicit\u00e0 nei confronti degli utenti e al commerciante ambulante, che vi abbia acconsentito, di essere visibile dagli utenti in qualsiasi luogo si trovi, cos\u00ec da dare anche maggior risalto ai suoi annunci, alle sue offerte e alla sua pubblicit\u00e0<\/li>\n<\/ul>\n<p>Questi dati vengono quindi comunicati tramite l&#8217;app ZerpyApp al gestionale del cliente.<\/p>\n<p>Ogni ulteriore trasmissione di dati personali a terzi, ad eccezione dei casi di concreti sospetti di abuso, ha luogo solo se e nella misura in cui hai fornito a ZerpyApp il consenso separato a questa trasmissione.<\/p>\n<ul>\n<li>Interfaccia dati: al fine di consentirti in futuro un accesso facilitato alla App o ad alte interfacce a questa collegate, ZerpyApp salva i dati di login.<\/li>\n<\/ul>\n<p>Dettagli completi su ciascuna tipologia di dati raccolti sono forniti nelle sezioni dedicate di questa privacy policy o mediante specifici testi informativi visualizzati prima della raccolta dei dati stessi.<\/p>\n<p>I dati personali possono essere liberamente forniti dall\u2019Utente o, nel caso dei dati di utilizzo, raccolti automaticamente durante l\u2019uso di questa Applicazione.<\/p>\n<p>Se non diversamente specificato, tutti i Dati richiesti da questa Applicazione sono obbligatori. Se l\u2019utente rifiuta di comunicarli, potrebbe essere impossibile per questa Applicazione fornire il Servizio. Nei casi in cui questa Applicazione indichi alcuni Dati come facoltativi, gli Utenti sono liberi di astenersi dal comunicare tali Dati, senza che ci\u00f2 abbia alcuna conseguenza sulla disponibilit\u00e0 del Servizio o sulla sua operativit\u00e0.<\/p>\n<p>Gli Utenti che dovessero avere dubbi su quali Dati sono obbligatori sono incoraggiati a contattare il Titolare dei dati.<\/p>\n<p>L\u2019eventuale utilizzo di Cookie \u2013 o di altri strumenti di tracciamento \u2013 da parte di questa Applicazione o dei titolari dei servizi terzi utilizzati da questa Applicazione, ove non diversamente precisato, ha la finalit\u00e0 di fornire il Servizio richiesto dall\u2019Utente, oltre alle ulteriori finalit\u00e0 descritte nel presente documento e nella Cookie Policy, se possibile.<\/p>\n<p>L\u2019Utente si assume la responsabilit\u00e0 dei Dati Personali di terzi ottenuti, pubblicati o condivisi mediante questa Applicazione e garantisce di avere il diritto di comunicarli o diffonderli, liberando il Titolare da qualsiasi responsabilit\u00e0 verso terzi.<\/p>\n<p>Utilizziamo inoltre i dati sopra indicati in forma anonimizzata per ricerche di mercato e per la realizzazione di statistiche anonime.<\/p>\n<p><strong>CONDIVISIONE DEI DATI<\/strong><\/p>\n<p>Ci rivolgiamo a terze parti qualora utile per fornirti i nostri servizi, e potremmo condividere con le stesse alcuni dei dati sopra riportati. A titolo puramente esemplificativo e non esaustivo si menzionano:<\/p>\n<ul>\n<li>fornitori di servizi IT;<\/li>\n<li>personale, ivi inclusi volontari, agenti, lavoratori occasionali, soci, lavoratori autonomi e persone che lavorano sotto contratto a nome di ZerpyApp;<\/li>\n<li>societ\u00e0 del gruppo cui appartiene ZerpyApp;<\/li>\n<li>eventuali partner commerciali di ZerpyApp nell\u2019ambito dell\u2019erogazione di Servizi richiesti dall\u2019Utente\/Commerciante;<\/li>\n<li>parenti, tutori legali e collaboratori del soggetto interessato;<\/li>\n<li>Autorit\u00e0 competenti al rilascio di licenze;<\/li>\n<li>responsabili del trattamento di dati personali che operano per conto di ZerpyApp;<\/li>\n<li>ove richiesto, le forze di polizia e le competenti Autorit\u00e0 Giudiziarie;<\/li>\n<li>ove richiesto, amministrazioni pubbliche e Autorit\u00e0 di vigilanza e controllo.<\/li>\n<\/ul>\n<p>Tutti questi soggetti agiscono come titolari autonomi oppure sono stati autorizzati da ZerpyApp, ove agiscano per suo conto, in qualit\u00e0 di responsabili del trattamento.<\/p>\n<p>Qualora ci\u00f2 sia strumentale al perseguimento delle finalit\u00e0 indicate sopra, i dati personali potranno altres\u00ec essere trasferiti all\u2019estero a societ\u00e0 aventi sede sia all\u2019interno sia al di fuori dell\u2019Unione Europea. Alcune di queste giurisdizioni potrebbero non garantire lo stesso livello di tutela dei dati garantito dal paese in cui l\u2019interessato risiede. In tal caso, ZerpyApp si impegna a che i dati siano trattati con la massima riservatezza stipulando, se necessario, accordi che garantiscano un livello di protezione adeguato e\/o adottando le clausole contrattuali standard previste dalla Commissione Europea.<\/p>\n<p>Le informazioni in possesso di ZerpyApp saranno condivise solo con i soggetti che abbiano effettiva necessit\u00e0 di conoscerle e non verranno in alcun modo diffusi.<\/p>\n<p><strong><br \/>\nMODALIT\u00c0 DI TRATTAMENTO<\/strong><\/p>\n<p>Il Titolare adotta le opportune misure di sicurezza volte ad impedire l\u2019accesso, la divulgazione, la modifica o la distruzione non autorizzate dei dati personali.<\/p>\n<p>Il trattamento viene effettuato mediante strumenti informatici e\/o telematici, con modalit\u00e0 organizzative e con logiche strettamente correlate alle finalit\u00e0 indicate. Oltre al Titolare, in alcuni casi, potrebbero avere accesso ai dati altri soggetti coinvolti nell\u2019organizzazione di questa Applicazione (personale amministrativo, commerciale legali, amministratori di sistema) ovvero soggetti esterni (come fornitori di servizi tecnici terzi, hosting provider, societ\u00e0 informatiche, agenzie di comunicazione) nominati anche, se necessario, Responsabili del Trattamento da parte del Titolare. L\u2019elenco aggiornato dei Responsabili potr\u00e0 sempre essere richiesto al Titolare del Trattamento.<\/p>\n<p><strong><br \/>\nBASE GIURIDICA DEL TRATTAMENTO<\/strong><\/p>\n<p>Il Titolare tratta Dati Personali relativi all\u2019Utente in caso sussista una delle seguenti condizioni:<\/p>\n<ul>\n<li>l\u2019Utente ha prestato il consenso per una o pi\u00f9 finalit\u00e0 specifiche;<\/li>\n<li>il trattamento \u00e8 necessario all\u2019esecuzione di un contratto con l\u2019Utente e\/o all\u2019esecuzione di misure precontrattuali;<\/li>\n<li>il trattamento \u00e8 necessario per adempiere un obbligo legale al quale \u00e8 soggetto il Titolare;<\/li>\n<li>il trattamento \u00e8 necessario per il perseguimento del legittimo interesse del Titolare o di terzi.<\/li>\n<\/ul>\n<p>\u00c8 comunque sempre possibile richiedere al Titolare di chiarire la concreta base giuridica di ciascun trattamento e in particolare di specificare se il trattamento sia basato sulla legge, previsto da un contratto o necessario per concludere un contratto.<\/p>\n<p><strong><br \/>\nLUOGO DEL TRATTAMENTO<\/strong><\/p>\n<p>I Dati sono trattati presso le sedi operative del Titolare e in ogni altro luogo in cui le parti coinvolte nel trattamento siano localizzate. Per ulteriori informazioni \u00e8 sempre possibile contattare il Titolare del trattamento.<\/p>\n<p>I Dati personali dell\u2019Utente potrebbero essere trasferiti in un paese diverso da quello in cui l\u2019Utente si trova. Per ottenere ulteriori informazioni sul luogo del trattamento l\u2019Utente pu\u00f2 fare riferimento alla sezione relativa ai dettagli sul trattamento dei Dati Personali.<\/p>\n<p>L\u2019Utente ha diritto a ottenere informazioni in merito alla base giuridica del trasferimento di Dati al di fuori dell\u2019Unione Europea, nonch\u00e9 in merito alle misure di sicurezza adottate dal Titolare per proteggere i Dati.<\/p>\n<p>L\u2019Utente pu\u00f2 verificare se abbia luogo uno dei trasferimenti appena descritti esaminando la sezione di questo documento relativa ai dettagli sul trattamento di Dati Personali o chiedere informazioni al Titolare contattandolo agli estremi riportati in apertura.<\/p>\n<p><strong><br \/>\nPERIODO DI CONSERVAZIONE<\/strong><\/p>\n<p>I tuoi dati personali saranno conservati in conformit\u00e0 a quanto previsto dalle normative applicabili, per un periodo di tempo non superiore a quello necessario al conseguimento delle finalit\u00e0 per le quali sono trattati. I criteri per determinare il periodo di conservazione dei dati tengono conto del periodo di trattamento consentito e delle normative applicabili (per esempio di natura fiscale o antiriciclaggio), prescrizione dei diritti e della natura degli interessi legittimi ove costituiscano la base giuridica del trattamento.<\/p>\n<p>I dati personali potrebbero essere conservati per un periodo successivo a quello originariamente previsto, in caso di eventuali contenziosi o richieste delle Autorit\u00e0 competenti.<\/p>\n<p>In caso di inattivit\u00e0 protratta per un periodo superiore a 1 anno, previa notifica all\u2019utente\/commerciante, l\u2019account verr\u00e0 disattivato, senza che questo influisca sui tempi di conservazione dei dati come su esplicitati<\/p>\n<p>I tuoi dati verranno rimossi dai sistemi informatici di ZerpyApp, non appena non saranno pi\u00f9 necessari per le finalit\u00e0 per le quali erano stati raccolti o per finalit\u00e0 connesse e conseguenti a queste.<\/p>\n<p><strong><br \/>\nFINALIT\u00c0 DEL TRATTAMENTO DEI DATI RACCOLTI<\/strong><\/p>\n<p>I Dati dell\u2019Utente sono raccolti per consentire al Titolare di fornire i servizi, di adempiere agli obblighi di legge, di rispondere a richieste o azioni esecutive, tutelare i propri diritti e interessi (o quelli di Utenti i di terze parti), individuare eventuali attivit\u00e0 dolose o fraudolente, nonch\u00e9 per le seguenti finalit\u00e0: permessi per l\u2019accesso ai Dati Personali presenti sulla periferica dell\u2019Utente, Statistica, Registrazione ed autenticazione, accesso agli account su servizi di terzi, registrazione e autenticazione fornite direttamente da questa Applicazione e pubblicit\u00e0.<\/p>\n<p>Per ottenere informazioni dettagliate sulle finalit\u00e0 del trattamento e sui Dati Personali trattati per ciascuna finalit\u00e0, l\u2019Utente pu\u00f2 fare riferimento alla sezione \u201cDettagli sul trattamento dei Dati Personali\u201d.<\/p>\n<p><strong>DETTAGLI SUL TRATTAMENTO DEI DATI PERSONALI<\/strong><\/p>\n<p>I Dati Personali sono raccolti per le seguenti finalit\u00e0 ed utilizzando i seguenti servizi:<\/p>\n<ul>\n<li>Statistica<\/li>\n<\/ul>\n<p>I servizi contenuti nella presente sezione permettono al Titolare del trattamento di monitorare e analizzare i dati di traffico e servono a tener traccia del comportamento dell\u2019Utente.<\/p>\n<ul>\n<li>Google Analytics<\/li>\n<\/ul>\n<p>Google Analytics \u00e8 un servizio di analisi web fornito da Google LLC oppure da Google Ireland Limited, a seconda della posizione in cui questa Applicazione viene utilizzata. Google utilizza i Dati Personali raccolti allo scopo di tracciare ed esaminare l\u2019utilizzo di questa Applicazione, compilare report e condividerli con gli altri servizi sviluppati da Google.<\/p>\n<p>Google potrebbe utilizzare i Dati Personali per contestualizzare e personalizzare gli annunci del proprio network pubblicitario.<\/p>\n<p>Dati Personali trattati: Cookie, Dati di utilizzo.<\/p>\n<p>Luogo del trattamento: Stati Uniti https:\/\/policies.google.com\/privacy\u00a0 Opt Out https:\/\/tools.google.com\/dlpage\/gaoptout?hl=it Irlanda Privacy Policy https:\/\/policies.google.com\/privacy Opt Out https:\/\/tools.google.com\/dlpage\/gaoptout?hl=en<\/p>\n<p><strong>DIRITTI DEGLI UTENTI<\/strong><\/p>\n<p>Gli Utenti possono esercitare determinati diritti con riferimento ai Dati trattati dal Titolare.<\/p>\n<p>In particolare, l\u2019Utente ha il diritto di:<\/p>\n<ul>\n<li>revocare il consenso in ogni momento. L\u2019Utente pu\u00f2 revocare il consenso al trattamento dei propri Dati Personali precedentemente espresso.<\/li>\n<li>opporsi al trattamento dei propri Dati. L\u2019Utente pu\u00f2 opporsi al trattamento dei propri Dati quando esso avviene su una base giuridica diversa dal consenso. Ulteriori dettagli sul diritto di opposizione sono indicati nella sezione sottostante.<\/li>\n<li>accedere ai propri Dati. L\u2019Utente ha diritto ad ottenere informazioni sui Dati trattati dal Titolare, su determinati aspetti del trattamento ed a ricevere una copia dei Dati trattati.<\/li>\n<li>verificare e chiedere la rettificazione. L\u2019Utente pu\u00f2 verificare la correttezza dei propri Dati e richiederne l\u2019aggiornamento o la correzione.<\/li>\n<li>ottenere la limitazione del trattamento. Quando ricorrono determinate condizioni, l\u2019Utente pu\u00f2 richiedere la limitazione del trattamento dei propri Dati. In tal caso il Titolare non tratter\u00e0 i Dati per alcun altro scopo se non la loro conservazione.<\/li>\n<li>ottenere la cancellazione o rimozione dei propri Dati Personali. Quando ricorrono determinate condizioni, l\u2019Utente pu\u00f2 richiedere la cancellazione dei propri Dati da parte del Titolare.<\/li>\n<li>ricevere i propri Dati o farli trasferire ad altro titolare. L\u2019Utente ha diritto di ricevere i propri Dati in formato strutturato, di uso comune e leggibile da dispositivo automatico e, ove tecnicamente fattibile, di ottenerne il trasferimento senza ostacoli ad un altro titolare. Questa disposizione \u00e8 applicabile quando i Dati sono trattati con strumenti automatizzati ed il trattamento \u00e8 basato sul consenso dell\u2019Utente, su un contratto di cui l\u2019Utente \u00e8 parte o su misure contrattuali ad esso connesse.<\/li>\n<li>proporre reclamo. L\u2019Utente pu\u00f2 proporre un reclamo all\u2019autorit\u00e0 di controllo della protezione dei dati personali competente o agire in sede giudiziale.<\/li>\n<\/ul>\n<p>Ogni interessato ha il diritto di revocare il consenso al trattamento dei suoi dati personali (ove questo sia stato prestato), in qualsiasi momento, senza pregiudicare la liceit\u00e0 del trattamento basata sul consenso prestato prima della revoca.<\/p>\n<p>Inoltre, ogni interessato ha il diritto di opporsi alle attivit\u00e0 promozionali dirette svolte da ZerpyApp, compresa l\u2019eventuale segmentazione per finalit\u00e0 di marketing. Per quanto riguarda la gestione delle notifiche push, ove attive, questa va fatta tramite le impostazioni del dispositivo dell\u2019Utente\/Commerciante medesimo.<\/p>\n<p>Nel caso di utilizzo di un dispositivo IOS, il sistema operativo prevede la richiesta di autonomi consensi all\u2019invio delle notifiche push e all\u2019uso di tecnologie di tracciamento per analisi sul download e sull\u2019uso dell\u2019app durante la fase di download dell\u2019app e registrazione per accedere ai Servizi. Come scritto sopra, ZerpyApp ritiene che altre basi giuridiche giustifichino l\u2019invio di questo tipo di comunicazioni e l\u2019uso di tale tipo di tecnologie. Tuttavia, ad oggi, per questioni tecniche, questo \u00e8 l\u2019unico modo per autorizzare le notifiche push o la raccolta di dati sul download e sull\u2019uso dell\u2019app sui dispositivi IOS. Pertanto, in assenza del consenso all\u2019invio di notifiche push, l\u2019Utente non potr\u00e0 ricevere, ad esempio, informazioni relative alla ricezione di denaro da parte di un altro Utente, all\u2019invio o conferma di un pagamento, all\u2019esistenza di una nuova funzionalit\u00e0 dell\u2019app e, in assenza del consenso al tracciamento, non sar\u00e0 possibile, ad esempio, analizzare l\u2019uso dell\u2019app per migliorarne servizi e funzionalit\u00e0. Diversamente, il sistema operativo dei dispositivi Android, in linea con le basi giuridiche sopra menzionate, non richiede il consenso n\u00e9 all\u2019invio delle notifiche in app, n\u00e9 all\u2019utilizzo di tali tecnologie di tracciamento durante la fase di download dell\u2019app e registrazione per accedere ai Servizi. L\u2019Utente \u00e8 comunque libero in qualunque momento di gestire separatamente sia le notifiche push che il tracciamento tramite le impostazioni del proprio dispositivo Android e di disattivarli o riattivarli come preferisce.<\/p>\n<p>Qualsiasi dato personale fornito dall\u2019Utente a partire dalla fase di download dell\u2019app (ad esempio, nome, cognome, email, numero di telefono) verr\u00e0 conservato da ZerpyApp nella misura in cui tale conservazione sia necessaria per rispettare gli obblighi previsti dalla normativa. La richiesta di cancellazione dei dati personali forniti a partire dalla fase di download, pertanto, verr\u00e0 adempiuta con riferimento a tutte quelle finalit\u00e0 del trattamento dei dati diverse da quelle relative alla suddetta normativa. Qualora non sia possibile procedere alla richiesta di cancellazione, si specifica che ZerpyApp:<\/p>\n<ul>\n<li>\u00e8 tenuta a conservare i dati personali per un periodo di 5 anni a decorrere dal momento in cui la fornitura dei Servizi \u00e8 terminata<\/li>\n<li>consentir\u00e0 l\u2019accesso ai dati personali forniti dall\u2019Utente\/Commerciante, per tutto il tempo in cui \u00e8 tenuta a conservarli, unicamente alle proprie funzioni competenti in materia legale e compliance e per adempiere ad eventuali richieste dell\u2019autorit\u00e0 competente<\/li>\n<li>decorsi 5 anni dal momento in cui la fornitura dei Servizi \u00e8 terminata, dar\u00e0 seguito all\u2019istanza di cancellazione dell\u2019Utente\/Commerciante nel rispetto della normativa applicabile.<\/li>\n<\/ul>\n<p>Per esercitare i suoi diritti, ogni interessato potr\u00e0 scrivere all\u2019indirizzo email info@tokenbit.it o utilizzare gli strumenti presenti nell\u2019app.<\/p>\n<p>Non sempre ZerpyApp potr\u00e0 dare tutte le informazioni richieste e dare seguito alle istanze dell\u2019Utente\/Commerciante. In ogni caso, far\u00e0 il possibile per dare seguito alle richieste degli Utenti\/Commercianti e di ogni interessato.<\/p>\n<p>Ai sensi del Regolamento, ZerpyApp non \u00e8 autorizzata ad addebitare costi per adempiere ad una delle richieste riportate in questo paragrafo, a meno che non siano manifestamente infondate o eccessive, ed in particolare abbiano carattere ripetitivo. Nei casi in cui l\u2019interessato richieda pi\u00f9 di una copia dei suoi dati personali o nei casi di richieste eccessive o infondate, ZerpyApp potrebbe addebitare un contributo spese ragionevole, tenendo conto dei costi amministrativi sostenuti per evadere la richiesta o rifiutarsi di soddisfare la richiesta. In queste eventualit\u00e0 ZerpyApp informer\u00e0 l\u2019interessato dei costi prima di evadere la richiesta.<\/p>\n<p>Prima di evadere le richieste, qualora avesse bisogno di verificare l\u2019identit\u00e0 della persona fisica che le ha presentate, ZerpyApp potrebbe richiedere ulteriori informazioni.<\/p>\n<p>Fatto salvo ogni altro ricorso amministrativo o giurisdizionale, ogni interessato avr\u00e0 inoltre il diritto di proporre reclamo all\u2019Autorit\u00e0 di controllo competente (Autorit\u00e0 Garante per la protezione dei dati personali), qualora ritenga che il trattamento che lo riguarda sia effettuato in violazione del Regolamento generale sulla protezione dei dati.<\/p>\n<p>In ogni caso, ZerpyApp \u00e8 interessata ad essere informata di eventuali motivi di reclamo e invita a usare i canali di contatto sopra indicati prima di adire l\u2019autorit\u00e0 di controllo, cos\u00ec da poter prevenire e risolvere eventuali controversie in modo amichevole e tempestivo, con la massima cortesia, seriet\u00e0 e discrezione.<\/p>\n<p>Come esercitare i diritti<\/p>\n<p>Per esercitare i diritti dell\u2019Utente, gli Utenti possono indirizzare una richiesta agli estremi di contatto del Titolare indicati in questo documento. Le richieste sono depositate a titolo gratuito e evase dal Titolare nel pi\u00f9 breve tempo possibile, in ogni caso entro un mese.<\/p>\n<p><strong><br \/>\nULTERIORI INFORMAZIONI SUL TRATTAMENTO<\/strong><\/p>\n<p>Difesa in giudizio<\/p>\n<p>I Dati Personali dell\u2019Utente possono essere utilizzati da parte del Titolare in giudizio o nelle fasi preparatorie alla sua eventuale instaurazione per la difesa da abusi nell\u2019utilizzo di questa Applicazione o dei Servizi connessi da parte dell\u2019Utente.<\/p>\n<p>L\u2019Utente dichiara di essere consapevole che il Titolare potrebbe essere obbligato a rivelare i Dati per ordine delle autorit\u00e0 pubbliche.<\/p>\n<p>Informative specifiche<\/p>\n<p>Su richiesta dell\u2019Utente, in aggiunta alle informazioni contenute in questa privacy policy, questa Applicazione potrebbe fornire all\u2019Utente delle informative aggiuntive e contestuali riguardanti Servizi specifici, o la raccolta ed il trattamento di Dati Personali.<\/p>\n<p>Log di sistema e manutenzione<\/p>\n<p>Per necessit\u00e0 legate al funzionamento ed alla manutenzione, questa Applicazione e gli eventuali servizi terzi da essa utilizzati potrebbero raccogliere log di sistema, ossia file che registrano le interazioni e che possono contenere anche Dati Personali, quali l\u2019indirizzo IP Utente.<\/p>\n<p>Informazioni non contenute in questa policy<\/p>\n<p>Ulteriori informazioni in relazione al trattamento dei Dati Personali potranno essere richieste in qualsiasi momento al Titolare del Trattamento utilizzando gli estremi di contatto.<\/p>\n<p>Risposta alle richieste \u201cDo Not Track\u201d<\/p>\n<p>Questa Applicazione non supporta le richieste \u201cDo Not Track\u201d.<\/p>\n<p>Per scoprire se gli eventuali servizi di terze parti utilizzati le supportino, l\u2019Utente \u00e8 invitato a consultare le rispettive privacy policy.<\/p>\n<p>Modifiche a questa privacy policy<\/p>\n<p>Il Titolare del Trattamento si riserva il diritto di apportare modifiche alla presente privacy policy in qualunque momento notificandolo agli Utenti su questa pagina e, se possibile, su questa Applicazione nonch\u00e9, qualora tecnicamente e legalmente fattibile, inviando una notifica agli Utenti attraverso uno degli estremi di contatto di cui \u00e8 in possesso. Si prega dunque di consultare con frequenza questa pagina, facendo riferimento alla data di ultima modifica indicata in fondo.<\/p>\n<p>Qualora le modifiche interessino trattamenti la cui base giuridica \u00e8 il consenso, il Titolare provveder\u00e0 a raccogliere nuovamente il consenso dell\u2019Utente, se necessario.<\/p>\n<\/div>\n<\/div>\n<\/div>\n<\/div>\n<\/div>\n<\/div>\n<div class=\"elementor elementor-993 elementor-location-footer\" data-elementor-type=\"footer\" data-elementor-id=\"993\" data-elementor-post-type=\"elementor_library\">\n<div class=\"elementor-element elementor-element-264017c4 elementor-hidden-mobile footer e-flex e-con-boxed e-con e-parent e-lazyloaded\" data-id=\"264017c4\" data-element_type=\"container\" data-settings=\"{&quot;background_background&quot;:&quot;classic&quot;}\">\n<div class=\"e-con-inner\">\n<div class=\"elementor-element elementor-element-5629167 e-con-full e-flex e-con e-child\" data-id=\"5629167\" data-element_type=\"container\">\n<div class=\"elementor-element elementor-element-2e91464 elementor-widget elementor-widget-image\" data-id=\"2e91464\" data-element_type=\"widget\" data-widget_type=\"image.default\"><\/div>\n<\/div>\n<\/div>\n<\/div>\n<\/div>\n","protected":false},"excerpt":{"rendered":"<p>&nbsp; TITOLARE DEL TRATTAMENTO DEI DATI Titolare del trattamento dei dati \u00e8 TokenBit S.r.l. con sede legale in Piazza Gepy Faranda, 12 &#8211; 98070 &#8211; Capri Leone Fraz. Rocca (ME) TIPOLOGIA DI DATI RACCOLTI La presente policy disciplina i trattamenti di dati personali degli Utenti e di tutte le persone non ancora Utenti che hanno [&hellip;]<\/p>\n","protected":false},"author":1,"featured_media":0,"parent":0,"menu_order":0,"comment_status":"closed","ping_status":"closed","template":"","meta":[],"_links":{"self":[{"href":"https:\/\/www.zerpy.it\/gestionale-cloud\/index.php?rest_route=\/wp\/v2\/pages\/2068"}],"collection":[{"href":"https:\/\/www.zerpy.it\/gestionale-cloud\/index.php?rest_route=\/wp\/v2\/pages"}],"about":[{"href":"https:\/\/www.zerpy.it\/gestionale-cloud\/index.php?rest_route=\/wp\/v2\/types\/page"}],"author":[{"embeddable":true,"href":"https:\/\/www.zerpy.it\/gestionale-cloud\/index.php?rest_route=\/wp\/v2\/users\/1"}],"replies":[{"embeddable":true,"href":"https:\/\/www.zerpy.it\/gestionale-cloud\/index.php?rest_route=%2Fwp%2Fv2%2Fcomments&post=2068"}],"version-history":[{"count":4,"href":"https:\/\/www.zerpy.it\/gestionale-cloud\/index.php?rest_route=\/wp\/v2\/pages\/2068\/revisions"}],"predecessor-version":[{"id":2072,"href":"https:\/\/www.zerpy.it\/gestionale-cloud\/index.php?rest_route=\/wp\/v2\/pages\/2068\/revisions\/2072"}],"wp:attachment":[{"href":"https:\/\/www.zerpy.it\/gestionale-cloud\/index.php?rest_route=%2Fwp%2Fv2%2Fmedia&parent=2068"}],"curies":[{"name":"wp","href":"https:\/\/api.w.org\/{rel}","templated":true}]}}