{"id":2,"date":"2016-02-05T20:25:56","date_gmt":"2016-02-05T20:25:56","guid":{"rendered":"http:\/\/www.zerpy.it\/?page_id=2"},"modified":"2025-02-25T14:48:48","modified_gmt":"2025-02-25T14:48:48","slug":"home","status":"publish","type":"page","link":"https:\/\/www.zerpy.it\/gestionale-cloud\/","title":{"rendered":"Homepage"},"content":{"rendered":"<p><section id=\"bt_section6a045e25473e3\"  class=\"boldSection gutter inherit wBackground cover\" style=\"background-image:url('https:\/\/www.zerpy.it\/gestionale-cloud\/wp-content\/uploads\/2025\/02\/pic1-Copia-e1739444051927.png');\"><div class=\"port\"><div class=\"boldCell\"><div class=\"boldCellInner\"><div class=\"boldRow \" ><div class=\"boldRowInner\"><div class=\"rowItem col-md-12 col-ms-12  btTextLeft animate animate-fadein animate-moveright btMiddleVertical\"  data-width=\"12\"><div class=\"rowItemContent\" ><header class=\"header btClear medium home-head\" ><div class=\"dash\"><h3><span class=\"headline\">ZERPY<\/span><\/h3><\/div><div class=\"btSubTitle\">La piattaforma che ti permette di digitalizzare la tua azienda con flessibilit\u00e0.<br \/><br>Gestire la tua azienda non \u00e8 mai stato cos\u00ec semplice!<br \/><br>Sia da pc che da mobile realizza le personalizzazioni per le tue esigenze.<\/div><\/header><\/div><\/div><\/div><\/div><\/div><\/div><\/div><\/section><section id=\"bt_section6a045e2547742\"  class=\"boldSection topSemiSpaced bottomSemiSpaced gutter inherit\" ><div class=\"port\"><div class=\"boldCell\"><div class=\"boldCellInner\"><div class=\"boldRow preview-div\" ><div class=\"boldRowInner\"><div class=\"rowItem col-md-6 col-sm-12 btTextRight animate animate-fadein animate-moveright inherit\"  data-width=\"6\"><div class=\"rowItemContent\" ><div class=\"bpgPhoto  btCircleImage\" ><div class=\"btImage\"><img src=\"https:\/\/www.zerpy.it\/gestionale-cloud\/wp-content\/uploads\/2025\/02\/istockphoto.jpg\" alt=\"\" title=\"Cross platform software operating system and web development. Global network connection, data storage,computing, application development thin line design of vector doodles\"><\/div><\/div><\/div><\/div><div class=\"rowItem col-md-6 col-sm-12 btTextLeft animate animate-fadein animate-moveleft inherit\"  data-width=\"6\"><div class=\"rowItemContent\" ><div class=\"servicesItem  btIcoDefaultColorIcon btIcoSmallSizeIcon \"><div class=\"sIcon\"><span class=\"btIco btIcoSmallSize btIcoDefaultType btIcoDefaultColor\"><span  data-ico-fa=\"&#xf121;\" class=\"btIcoHolder\"><\/span><\/span><\/div><div class=\"sTxt\"><header class=\"header btClear small btDash bottomDash\" ><div class=\"dash\"><h4><span class=\"headline\">Software gestionale web-based<\/span><\/h4><\/div><\/header><p>La piattaforma ZERPY, utilizzabile sia da PC che smartphone e tablet, permette un accesso multiutente contemporaneo, con la gestione dei livelli di accesso alle varie aree mediante un sistema di permessi ed autorizzazioni.<\/p><br\/><p>Potenzia l&#8217;infrastruttura digitale dell\u2019azienda, ottieni vantaggi come specifici programmi configurabili e personalizzabili per le vostre esigenze, l\u2019abbattimenti dei costi per il lavoro on-site e un netto miglioramento della flessibilit\u00e0 del lavoro.<\/p><br\/><p>Collabora facilmente con il tuo team e abilita l&#8217;utilizzo del tuo ERP su pc, smartphone o tablet.<\/p><br\/><p>Semplice e intiuitivo, ZERPY ti consente di accedere ad una serie di funzionalit\u00e0&#8230;<\/p><\/div><\/div><\/div><\/div><\/div><\/div><\/div><\/div><\/div><\/section><section id=\"bt_section6a045e254806d\"  class=\"boldSection topSemiSpaced bottomSemiSpaced gutter inherit\" ><div class=\"port\"><div class=\"boldCell\"><div class=\"boldCellInner\"><div class=\"boldRow \" ><div class=\"boldRowInner\"><div class=\"rowItem col-md-12 col-ms-12  btTextCenter inherit\"  data-width=\"12\"><div class=\"rowItemContent\" ><div class=\"bpgPhoto \" ><div class=\"btImage\"><img src=\"https:\/\/www.zerpy.it\/gestionale-cloud\/wp-content\/uploads\/2025\/02\/dots-2-640x6.png\" alt=\"\" title=\"\"><\/div><\/div><\/div><\/div><\/div><\/div><\/div><\/div><\/div><\/section><section id=\"bt_section6a045e254881c\"  class=\"boldSection topSemiSpaced bottomSemiSpaced gutter inherit\" ><div class=\"port\"><div class=\"boldCell\"><div class=\"boldCellInner\"><div class=\"boldRow \" ><div class=\"boldRowInner\"><div class=\"rowItem col-md-6 col-sm-12 btTextRight animate animate-moveright inherit\"  data-width=\"6\"><div class=\"rowItemContent\" ><div class=\"servicesItem  btIcoDefaultColorIcon btIcoSmallSizeIcon \"><div class=\"sIcon\"><span class=\"btIco btIcoSmallSize btIcoDefaultType btIcoDefaultColor\"><span  data-ico-fa=\"&#xf1b3;\" class=\"btIcoHolder\"><\/span><\/span><\/div><div class=\"sTxt\"><header class=\"header btClear small btDash bottomDash\" ><div class=\"dash\"><h4><span class=\"headline\">Gestionale logistica<\/span><\/h4><\/div><\/header><p>ZERPY offre moduli avanzati per la gestione della logistica aziendale, permettendo di censire, monitorare e ottimizzare tutti i beni materiali. Grazie a strumenti di tracciamento e reportistica, avrai sempre sotto controllo scorte, movimenti e disponibilit\u00e0, riducendo sprechi e migliorando l&#8217;efficienza operativa.<\/p><\/div><\/div><\/div><\/div><div class=\"rowItem col-md-6 col-sm-12 btTextLeft animate animate-fadein animate-moveleft inherit\"  data-width=\"6\"><div class=\"rowItemContent\" ><div class=\"bpgPhoto \" ><div class=\"btImage\"><img src=\"https:\/\/www.zerpy.it\/gestionale-cloud\/wp-content\/uploads\/2025\/02\/Logistics-e1739463079671.jpg\" alt=\"\" title=\"\"><\/div><\/div><\/div><\/div><\/div><\/div><\/div><\/div><\/div><\/section><section id=\"bt_section6a045e254902f\"  class=\"boldSection topSemiSpaced bottomSemiSpaced gutter inherit\" ><div class=\"port\"><div class=\"boldCell\"><div class=\"boldCellInner\"><div class=\"boldRow preview-div\" ><div class=\"boldRowInner\"><div class=\"rowItem col-md-6 col-sm-12 btTextRight animate animate-fadein animate-moveright inherit\"  data-width=\"6\"><div class=\"rowItemContent\" ><div class=\"bpgPhoto \" ><div class=\"btImage\"><img src=\"https:\/\/www.zerpy.it\/gestionale-cloud\/wp-content\/uploads\/2025\/02\/fatturato_m.jpg\" alt=\"\" title=\"\"><\/div><\/div><\/div><\/div><div class=\"rowItem col-md-6 col-sm-12 btTextLeft animate animate-moveleft inherit\"  data-width=\"6\"><div class=\"rowItemContent\" ><div class=\"servicesItem  btIcoDefaultColorIcon btIcoSmallSizeIcon \"><div class=\"sIcon\"><span class=\"btIco btIcoSmallSize btIcoDefaultType btIcoDefaultColor\"><span  data-ico-fa=\"&#xf0ea;\" class=\"btIcoHolder\"><\/span><\/span><\/div><div class=\"sTxt\"><header class=\"header btClear small btDash bottomDash\" ><div class=\"dash\"><h4><span class=\"headline\">Fatturato e documentazione<\/span><\/h4><\/div><\/header><p>La gestione della fatturazione e dei documenti \u00e8 il cuore pulsante dell\u2019azienda. Il nostro modulo ti permette di creare, organizzare e archiviare fatture, preventivi e contratti con pochi clic, garantendo automazione, precisione e conformit\u00e0 normativa. Include strumenti intuitivi per monitorare i flussi finanziari e semplificare la contabilit\u00e0.<\/p><\/div><\/div><\/div><\/div><\/div><\/div><\/div><\/div><\/div><\/section><section id=\"bt_section6a045e25497fd\"  class=\"boldSection topSemiSpaced bottomSemiSpaced gutter inherit\" ><div class=\"port\"><div class=\"boldCell\"><div class=\"boldCellInner\"><div class=\"boldRow \" ><div class=\"boldRowInner\"><div class=\"rowItem col-md-6 col-sm-12 btTextRight animate animate-moveright inherit\"  data-width=\"6\"><div class=\"rowItemContent\" ><div class=\"servicesItem  btIcoDefaultColorIcon btIcoSmallSizeIcon \"><div class=\"sIcon\"><span class=\"btIco btIcoSmallSize btIcoDefaultType btIcoDefaultColor\"><span  data-ico-fa=\"&#xf085;\" class=\"btIcoHolder\"><\/span><\/span><\/div><div class=\"sTxt\"><header class=\"header btClear small btDash bottomDash\" ><div class=\"dash\"><h4><span class=\"headline\">Organizzazione del workflow<\/span><\/h4><\/div><\/header><p> Ottimizza il lavoro di squadra e migliora la collaborazione interna grazie a un sistema di workflow strutturato. Il nostro ERP aiuta a coordinare attivit\u00e0, assegnare responsabilit\u00e0 e monitorare le scadenze, rendendo i processi aziendali pi\u00f9 fluidi ed efficienti.<\/p><\/div><\/div><\/div><\/div><div class=\"rowItem col-md-6 col-sm-12 btTextLeft animate animate-fadein animate-moveleft inherit\"  data-width=\"6\"><div class=\"rowItemContent\" ><div class=\"bpgPhoto \" ><div class=\"btImage\"><img src=\"https:\/\/www.zerpy.it\/gestionale-cloud\/wp-content\/uploads\/2025\/02\/management-e1739523751464.jpeg\" alt=\"\" title=\"\"><\/div><\/div><\/div><\/div><\/div><\/div><\/div><\/div><\/div><\/section><section id=\"bt_section6a045e2549eda\"  class=\"boldSection topSemiSpaced bottomSpaced gutter inherit\" ><div class=\"port\"><div class=\"boldCell\"><div class=\"boldCellInner\"><div class=\"boldRow \" ><div class=\"boldRowInner\"><div class=\"rowItem col-md-12 col-ms-12  btTextCenter animate animate-fadein animate-moveright inherit\"  data-width=\"12\"><div class=\"rowItemContent\" ><a href=\"https:\/\/www.zerpy.it\/gestionale-cloud\/?page_id=47\" class=\"btBtn btBtn btnOutlineStyle btnNormalColor btnSmall btnNormalWidth btnRightPosition btnIco\" ><span class=\"btnInnerText\">Esplora la lista dei moduli e scopri molto altro su ZERPY!<\/span><span class=\"btIco \"><span  data-ico-fa=\"&#xf08e;\" class=\"btIcoHolder\"><\/span><\/span><\/a><\/div><\/div><\/div><\/div><\/div><\/div><\/div><\/section><section id=\"bt_section6a045e254a139\"  class=\"boldSection bottomSemiSpaced gutter inherit\" ><div class=\"port\"><div class=\"boldCell\"><div class=\"boldCellInner\"><div class=\"boldRow \" ><div class=\"boldRowInner\"><div class=\"rowItem col-md-4 col-ms-12 btTextLeft\"  data-width=\"4\"><div class=\"rowItemContent\" ><\/div><\/div><div class=\"rowItem col-md-4 col-ms-12 btTextCenter animate animate-fadein animate-moveup inherit\"  data-width=\"4\"><div class=\"rowItemContent\" ><div class=\"servicesItem  btIcoDefaultColorIcon btIcoSmallSizeIcon \"><div class=\"sIcon\"><span class=\"btIco btIcoSmallSize btIcoDefaultType btIcoDefaultColor\"><span  data-ico-=\"&#038;#x;\" class=\"btIcoHolder\"><\/span><\/span><\/div><div class=\"sTxt\"><header class=\"header btClear small btDash bottomDash\" ><div class=\"dash\"><h4><span class=\"headline\">Scarica l&#8217;app<\/span><\/h4><\/div><\/header><p><\/p><\/div><\/div><div class=\"btIconImageRow\" ><div class=\"bpgPhoto \" > \r\n\t\t\t\t\t<a href=\"https:\/\/play.google.com\/store\/apps\/details?id=it.tokenbit.zerpyappandroid\" target=\"_blank\" title=\"\"><\/a>\r\n\t\t\t\t\t<div class=\"boldPhotoBox\"><div class=\"bpbItem\"><div class=\"btImage\"><img src=\"https:\/\/www.zerpy.it\/gestionale-cloud\/wp-content\/uploads\/2025\/02\/Google_Play_Store_badge_IT.svg_-320x95.png\" alt=\"\" title=\"\"><\/div><\/div><\/div>\r\n\t\t\t\t\t<div class=\"captionPane btDarkSkin btTextCenter\">\r\n\t\t\t\t\t\t<div class=\"captionTable\">\r\n\t\t\t\t\t\t\t<div class=\"captionCell\">\r\n\t\t\t\t\t\t\t\t<div class=\"captionTxt\"><\/div>\r\n\t\t\t\t\t\t\t<\/div>\r\n\t\t\t\t\t\t<\/div>\r\n\t\t\t\t\t<\/div><\/div><div class=\"bpgPhoto \" > \r\n\t\t\t\t\t<a href=\"https:\/\/apps.apple.com\/it\/app\/zerpyapp\/id6738574705\" target=\"_blank\" title=\"\"><\/a>\r\n\t\t\t\t\t<div class=\"boldPhotoBox\"><div class=\"bpbItem\"><div class=\"btImage\"><img src=\"https:\/\/www.zerpy.it\/gestionale-cloud\/wp-content\/uploads\/2025\/02\/Download_on_the_App_Store_Badge_IT_RGB_blk.svg_-320x107.png\" alt=\"\" title=\"\"><\/div><\/div><\/div>\r\n\t\t\t\t\t<div class=\"captionPane btDarkSkin btTextCenter\">\r\n\t\t\t\t\t\t<div class=\"captionTable\">\r\n\t\t\t\t\t\t\t<div class=\"captionCell\">\r\n\t\t\t\t\t\t\t\t<div class=\"captionTxt\"><\/div>\r\n\t\t\t\t\t\t\t<\/div>\r\n\t\t\t\t\t\t<\/div>\r\n\t\t\t\t\t<\/div><\/div><\/div><\/div><\/div><div class=\"rowItem col-md-4 col-ms-12 btTextLeft\"  data-width=\"4\"><div class=\"rowItemContent\" ><\/div><\/div><\/div><\/div><\/div><\/div><\/div><\/section><\/p>\n","protected":false},"excerpt":{"rendered":"","protected":false},"author":1,"featured_media":0,"parent":0,"menu_order":0,"comment_status":"closed","ping_status":"closed","template":"","meta":[],"_links":{"self":[{"href":"https:\/\/www.zerpy.it\/gestionale-cloud\/index.php?rest_route=\/wp\/v2\/pages\/2"}],"collection":[{"href":"https:\/\/www.zerpy.it\/gestionale-cloud\/index.php?rest_route=\/wp\/v2\/pages"}],"about":[{"href":"https:\/\/www.zerpy.it\/gestionale-cloud\/index.php?rest_route=\/wp\/v2\/types\/page"}],"author":[{"embeddable":true,"href":"https:\/\/www.zerpy.it\/gestionale-cloud\/index.php?rest_route=\/wp\/v2\/users\/1"}],"replies":[{"embeddable":true,"href":"https:\/\/www.zerpy.it\/gestionale-cloud\/index.php?rest_route=%2Fwp%2Fv2%2Fcomments&post=2"}],"version-history":[{"count":54,"href":"https:\/\/www.zerpy.it\/gestionale-cloud\/index.php?rest_route=\/wp\/v2\/pages\/2\/revisions"}],"predecessor-version":[{"id":2274,"href":"https:\/\/www.zerpy.it\/gestionale-cloud\/index.php?rest_route=\/wp\/v2\/pages\/2\/revisions\/2274"}],"wp:attachment":[{"href":"https:\/\/www.zerpy.it\/gestionale-cloud\/index.php?rest_route=%2Fwp%2Fv2%2Fmedia&parent=2"}],"curies":[{"name":"wp","href":"https:\/\/api.w.org\/{rel}","templated":true}]}}